{"id":35176,"date":"2025-01-10T11:13:21","date_gmt":"2025-01-10T10:13:21","guid":{"rendered":"https:\/\/gleameup.com\/?post_type=product&#038;p=35176"},"modified":"2025-02-04T15:39:26","modified_gmt":"2025-02-04T14:39:26","slug":"la-confidente","status":"publish","type":"product","link":"https:\/\/gleameup.com\/en\/produit\/la-confidente\/","title":{"rendered":"La confidente"},"content":{"rendered":"<p>Une cr\u00e8me de massage femme enceinte \u00e0 la texture chantilly qui fond et se transforme en huile au contact de la peau, id\u00e9ale pour le massage du ventre pendant la grossesse. Gr\u00e2ce \u00e0 ses actifs riches en acides gras essentiels, La Confidente participe \u00e0 pr\u00e9venir la formation des vergetures.<\/p>\n<p>Son odeur irr\u00e9sistible de Vanille de Madagascar invite au massage et au toucher affectif inspir\u00e9 de l\u2019haptonomie.<\/p>\n<p>En post partum, et d\u00e8s les 3 mois de b\u00e9b\u00e9, initiez-vous au massage b\u00e9b\u00e9 avec La Confidente. On aime : sa texture fouett\u00e9e incroyable pour se masser le ventre et son parfum naturel et envo\u00fbtant de vanille qui apaise b\u00e9b\u00e9.<\/p>\n<p>Faire chauffer une noix de cr\u00e8me dans les mains, jusqu\u2019\u00e0 ce qu\u2019elle fonde et se transforme en huile. Appliquer lentement sur le ventre et inviter b\u00e9b\u00e9 \u00e0 participer \u00e0 ce moment de d\u00e9tente, \u00e0 2 ou \u00e0 4 mains.<\/p>\n","protected":false},"excerpt":{"rendered":"<p>La Confidente 50 ml<\/p>\n<p>Cr\u00e8me de massage pour le corps fouett\u00e9e &amp; cocoon<\/p>\n","protected":false},"featured_media":35114,"comment_status":"open","ping_status":"closed","template":"","meta":[],"product_brand":[],"product_cat":[152,145],"product_tag":[457,399,90,449,458],"berocket_brand":[448],"class_list":{"0":"post-35176","1":"product","2":"type-product","3":"status-publish","4":"has-post-thumbnail","6":"product_cat-cosmetiques","7":"product_cat-gwomen","8":"product_tag-bebe","9":"product_tag-creme","10":"product_tag-femme","11":"product_tag-omum","12":"product_tag-ventre","13":"berocket_brand-omum","15":"first","16":"instock","17":"shipping-taxable","18":"purchasable","19":"product-type-simple"},"_links":{"self":[{"href":"https:\/\/gleameup.com\/en\/wp-json\/wp\/v2\/product\/35176","targetHints":{"allow":["GET"]}}],"collection":[{"href":"https:\/\/gleameup.com\/en\/wp-json\/wp\/v2\/product"}],"about":[{"href":"https:\/\/gleameup.com\/en\/wp-json\/wp\/v2\/types\/product"}],"replies":[{"embeddable":true,"href":"https:\/\/gleameup.com\/en\/wp-json\/wp\/v2\/comments?post=35176"}],"version-history":[{"count":1,"href":"https:\/\/gleameup.com\/en\/wp-json\/wp\/v2\/product\/35176\/revisions"}],"predecessor-version":[{"id":35177,"href":"https:\/\/gleameup.com\/en\/wp-json\/wp\/v2\/product\/35176\/revisions\/35177"}],"wp:featuredmedia":[{"embeddable":true,"href":"https:\/\/gleameup.com\/en\/wp-json\/wp\/v2\/media\/35114"}],"wp:attachment":[{"href":"https:\/\/gleameup.com\/en\/wp-json\/wp\/v2\/media?parent=35176"}],"wp:term":[{"taxonomy":"product_brand","embeddable":true,"href":"https:\/\/gleameup.com\/en\/wp-json\/wp\/v2\/product_brand?post=35176"},{"taxonomy":"product_cat","embeddable":true,"href":"https:\/\/gleameup.com\/en\/wp-json\/wp\/v2\/product_cat?post=35176"},{"taxonomy":"product_tag","embeddable":true,"href":"https:\/\/gleameup.com\/en\/wp-json\/wp\/v2\/product_tag?post=35176"},{"taxonomy":"berocket_brand","embeddable":true,"href":"https:\/\/gleameup.com\/en\/wp-json\/wp\/v2\/berocket_brand?post=35176"}],"curies":[{"name":"wp","href":"https:\/\/api.w.org\/{rel}","templated":true}]}}