{"id":36629,"date":"2025-07-12T15:04:16","date_gmt":"2025-07-12T13:04:16","guid":{"rendered":"https:\/\/gleameup.com\/?post_type=product&#038;p=36629"},"modified":"2025-07-12T15:04:16","modified_gmt":"2025-07-12T13:04:16","slug":"baiser-sale","status":"publish","type":"product","link":"https:\/\/gleameup.com\/en\/produit\/baiser-sale\/","title":{"rendered":"Baiser sal\u00e9"},"content":{"rendered":"<p>Favorise la r\u00e9duction des rides et des ridules .<\/p>\n<p>Renforce et stimule la pousse des cheveux.<\/p>\n<p>Booste l\u2019\u00e9nergie et la r\u00e9cup\u00e9ration musculaire.<\/p>\n<p>Soutient les articulations et aide \u00e0 pr\u00e9venir les blessures<\/p>\n<p>Renforce le syst\u00e8me immunitaire et aide \u00e0 combattre la fatigue physique et mentale.<\/p>\n<p>Notre collag\u00e8ne marin hydrolys\u00e9 de type I (2000 Daltons) d\u00e9livre 5g par dose journali\u00e8re.<\/p>\n<p>Hautement assimilable et cliniquement prouv\u00e9, il offre des r\u00e9sultats visibles d\u00e8s 4 semaines.<\/p>\n<p>\u00c0 verser directement dans votre caf\u00e9 : d\u00e9gustez un moccha\u2011coco gourmand sans sucres ajout\u00e9s, sans gluten, sans OGM ni \u00e9dulcorants<\/p>\n<p>Avec 5 g de collag\u00e8ne marin hydrolys\u00e9 par jour, cette cure agit en profondeur pour : Une peau plus souple, repulp\u00e9e, avec des rides et ridules visiblement r\u00e9duites Des cheveux plus longs, plus denses et renforc\u00e9s Un meilleur confort articulaire et une r\u00e9cup\u00e9ration musculaire facilit\u00e9e.<\/p>\n<p>Pour obtenir des r\u00e9sultats visibles et durables, nous vous recommandons de r\u00e9aliser des cures de 3 mois. En effet, le renouvellement de la peau et des tissus prend du temps. En 3 mois, le corps a le temps de stocker et d\u2019utiliser le collag\u00e8ne pour des effets plus durables<\/p>\n","protected":false},"excerpt":{"rendered":"<p>LE COLLAG\u00c8NE \u00c0 VERSER DANS VOTRE CAFE<\/p>\n","protected":false},"featured_media":36652,"comment_status":"open","ping_status":"closed","template":"","meta":[],"product_brand":[],"product_cat":[329,146,145,19],"product_tag":[477,441,90],"berocket_brand":[472],"class_list":{"0":"post-36629","1":"product","2":"type-product","3":"status-publish","4":"has-post-thumbnail","6":"product_cat-complements-alimentaires","7":"product_cat-gteens","8":"product_cat-gwomen","9":"product_cat-uncategorized","10":"product_tag-collagene","11":"product_tag-collagene-marin-complements-alimentaires","12":"product_tag-femme","13":"berocket_brand-apnee","15":"first","16":"instock","17":"shipping-taxable","18":"purchasable","19":"product-type-simple"},"_links":{"self":[{"href":"https:\/\/gleameup.com\/en\/wp-json\/wp\/v2\/product\/36629","targetHints":{"allow":["GET"]}}],"collection":[{"href":"https:\/\/gleameup.com\/en\/wp-json\/wp\/v2\/product"}],"about":[{"href":"https:\/\/gleameup.com\/en\/wp-json\/wp\/v2\/types\/product"}],"replies":[{"embeddable":true,"href":"https:\/\/gleameup.com\/en\/wp-json\/wp\/v2\/comments?post=36629"}],"version-history":[{"count":3,"href":"https:\/\/gleameup.com\/en\/wp-json\/wp\/v2\/product\/36629\/revisions"}],"predecessor-version":[{"id":36654,"href":"https:\/\/gleameup.com\/en\/wp-json\/wp\/v2\/product\/36629\/revisions\/36654"}],"wp:featuredmedia":[{"embeddable":true,"href":"https:\/\/gleameup.com\/en\/wp-json\/wp\/v2\/media\/36652"}],"wp:attachment":[{"href":"https:\/\/gleameup.com\/en\/wp-json\/wp\/v2\/media?parent=36629"}],"wp:term":[{"taxonomy":"product_brand","embeddable":true,"href":"https:\/\/gleameup.com\/en\/wp-json\/wp\/v2\/product_brand?post=36629"},{"taxonomy":"product_cat","embeddable":true,"href":"https:\/\/gleameup.com\/en\/wp-json\/wp\/v2\/product_cat?post=36629"},{"taxonomy":"product_tag","embeddable":true,"href":"https:\/\/gleameup.com\/en\/wp-json\/wp\/v2\/product_tag?post=36629"},{"taxonomy":"berocket_brand","embeddable":true,"href":"https:\/\/gleameup.com\/en\/wp-json\/wp\/v2\/berocket_brand?post=36629"}],"curies":[{"name":"wp","href":"https:\/\/api.w.org\/{rel}","templated":true}]}}