{"id":36997,"date":"2025-11-22T12:29:56","date_gmt":"2025-11-22T11:29:56","guid":{"rendered":"https:\/\/gleameup.com\/?post_type=product&#038;p=36997"},"modified":"2026-03-19T16:04:26","modified_gmt":"2026-03-19T15:04:26","slug":"ashwagandha-relax-equilibre","status":"publish","type":"product","link":"https:\/\/gleameup.com\/en\/produit\/ashwagandha-relax-equilibre\/","title":{"rendered":"Ashwagandha : relax + \u00e9quilibre"},"content":{"rendered":"<p>Cette racine est une force de la nature.<\/p>\n<p>Comme son nom invite \u00e0 le penser: \u201csmell of a horse\u201d, elle donne la force d\u2019un \u00e9talon si l\u2019organisme en a besoin et sa nature d\u2019adaptog\u00e8ne accompagne le repos si c\u2019est ce que le corps demande. Elle est aussi une incontournable de la m\u00e9decine ayurv\u00e9dique (Inde) qui la classe dans la cat\u00e9gorie de \u201crasayana\u201c ciblant les plantes qui gu\u00e9rissent le mental et l\u2019\u00e9motionnel en profondeur.<\/p>\n<p>Cette racine m\u00e9dicinale compte de nombreuses vertus et les \u00e9tudes cliniques (voir ci-dessous) &amp; t\u00e9moignages directs t\u00e9moignent des effets potentiels suivants*:<\/p>\n<p>aide \u00e0 gu\u00e9rir la fatigue adr\u00e9nale chronique ou passag\u00e8re augmente les hormones thyro\u00efdiennes facilite l\u2019endormissement et est excellente en cas d\u2019insomnie apaise l\u2019anxi\u00e9t\u00e9 et permet de meilleures capacit\u00e9s cognitives<\/p>\n<p>*ceci ne remplace pas l\u2019avis d\u2019un professionnel de la sant\u00e9 et nous encourageons toujours \u00e0 l\u2019accompagnement par le professionnel de la sant\u00e9 qui te semble le plus pertinent.<\/p>\n<p>\u273a Source Inde, cultiv\u00e9 dans un contexte \u00e9thique et durable + certifi\u00e9 biologique<\/p>\n<p>\u273a Posologie S\u2019investir dans une cure d\u2019un mois, en commen\u00e7ant par 1\/2 c\u00e0c et diminuer\/augmenter la dose en fonction de tes ressentis &amp; besoins. Ajouter \u00e0 une boisson chaude, en latte ou infusion, ou saupoudr\u00e9 sur les repas. Il a un go\u00fbt un peu amer, il est donc pr\u00e9f\u00e9rable de bien le m\u00e9langer.<\/p>\n<p>Lorsque la cure d\u2019un mois est termin\u00e9e, il est conseill\u00e9e de faire un mois sans et de recommencer un mois de cure si d\u00e9sir\u00e9 jusqu\u2019\u00e0 sensation d\u2019\u00e9quilibre. Pour ceux qui souhaitent utiliser le compl\u00e9ment lorsque vous en ressentez le besoin, c\u2019est tout \u00e0 fait possible \u00e9galement.<\/p>\n<p>\u273a Effets secondaires ou interactions Consid\u00e9r\u00e9 comme un adaptog\u00e8ne, L\u2019Ashwagandha n\u2019a pas d\u2019effet secondaire connu lorsque la dose recommand\u00e9e est respect\u00e9e. On remarque cependant une augmentation des hormonales thyro\u00efdiennes donc ne pas consommer si cas d\u2019hyperthyro\u00efdie.<\/p>\n<p>Ne pas consommer pour les femmes enceintes ou allaitantes.<\/p>\n<p>\u273a Ingr\u00e9dient Poudre de racine d\u2019ashwagandha (Withania somnifera) 60 gr.<\/p>\n","protected":false},"excerpt":{"rendered":"<p>Withania somnifera<\/p>\n","protected":false},"featured_media":36961,"comment_status":"open","ping_status":"closed","template":"","meta":[],"product_brand":[],"product_cat":[323,329,145],"product_tag":[549,550,522,90],"berocket_brand":[548],"class_list":{"0":"post-36997","1":"product","2":"type-product","3":"status-publish","4":"has-post-thumbnail","6":"product_cat-bien-etre","7":"product_cat-complements-alimentaires","8":"product_cat-gwomen","9":"product_tag-adaptagenes","10":"product_tag-aho-botanicals","11":"product_tag-complements-alimentaire","12":"product_tag-femme","13":"berocket_brand-aho-botanicals","15":"first","16":"instock","17":"shipping-taxable","18":"purchasable","19":"product-type-simple"},"_links":{"self":[{"href":"https:\/\/gleameup.com\/en\/wp-json\/wp\/v2\/product\/36997","targetHints":{"allow":["GET"]}}],"collection":[{"href":"https:\/\/gleameup.com\/en\/wp-json\/wp\/v2\/product"}],"about":[{"href":"https:\/\/gleameup.com\/en\/wp-json\/wp\/v2\/types\/product"}],"replies":[{"embeddable":true,"href":"https:\/\/gleameup.com\/en\/wp-json\/wp\/v2\/comments?post=36997"}],"version-history":[{"count":1,"href":"https:\/\/gleameup.com\/en\/wp-json\/wp\/v2\/product\/36997\/revisions"}],"predecessor-version":[{"id":36998,"href":"https:\/\/gleameup.com\/en\/wp-json\/wp\/v2\/product\/36997\/revisions\/36998"}],"wp:featuredmedia":[{"embeddable":true,"href":"https:\/\/gleameup.com\/en\/wp-json\/wp\/v2\/media\/36961"}],"wp:attachment":[{"href":"https:\/\/gleameup.com\/en\/wp-json\/wp\/v2\/media?parent=36997"}],"wp:term":[{"taxonomy":"product_brand","embeddable":true,"href":"https:\/\/gleameup.com\/en\/wp-json\/wp\/v2\/product_brand?post=36997"},{"taxonomy":"product_cat","embeddable":true,"href":"https:\/\/gleameup.com\/en\/wp-json\/wp\/v2\/product_cat?post=36997"},{"taxonomy":"product_tag","embeddable":true,"href":"https:\/\/gleameup.com\/en\/wp-json\/wp\/v2\/product_tag?post=36997"},{"taxonomy":"berocket_brand","embeddable":true,"href":"https:\/\/gleameup.com\/en\/wp-json\/wp\/v2\/berocket_brand?post=36997"}],"curies":[{"name":"wp","href":"https:\/\/api.w.org\/{rel}","templated":true}]}}