{"id":37004,"date":"2025-11-22T12:48:03","date_gmt":"2025-11-22T11:48:03","guid":{"rendered":"https:\/\/gleameup.com\/?post_type=product&#038;p=37004"},"modified":"2025-12-04T13:37:56","modified_gmt":"2025-12-04T12:37:56","slug":"la-femme-melange-cacao","status":"publish","type":"product","link":"https:\/\/gleameup.com\/en\/produit\/la-femme-melange-cacao\/","title":{"rendered":"La femme : m\u00e9lange cacao"},"content":{"rendered":"<p>Ce premier blend signature est un d\u00e9licieux compagnon de vos matins grognons ou joyeux, de vos journ\u00e9es d\u00e9prime ou expansion mais aussi de votre \u00eatre en apprentissage de soin de soi. Sa d\u00e9licieuse base de Cacao naturel d\u2019Equateur m\u00e9lang\u00e9e \u00e0 l\u2019adaptog\u00e8ne d\u00e9di\u00e9 \u00e0 la femme Shatavari ainsi qu\u2019\u00e0 la plante apaisante Lavande est une bonne alternative sant\u00e9 \u00e0 votre caf\u00e9, matcha ou boisson favorite. Les vertus de chacun des ingr\u00e9dients sont les suivants*:<\/p>\n<p>La Cacao est LA bombe de micronutriments nourrissants et d\u2019antioxydants. Il contient du fer, du magn\u00e9sium et est un cardio-stimulant doux. Naturel, sans sucre ajout\u00e9, et bio, il est non hybride \u2014 c\u2019est-\u00e0-dire que ses f\u00e8ves sont d\u2019origine.<\/p>\n<p>Plus d\u2019info ici. Le Shatavari est la racine adaptog\u00e8ne d\u00e9di\u00e9e sp\u00e9cifiquement \u00e0 la femme puisqu\u2019elle apaise nos maux li\u00e9s au syndr\u00f4me pr\u00e9-menstruel, \u00e0 la (p\u00e9ri) m\u00e9nopause, et autres d\u00e9r\u00e8glements hormonaux. On peut la consommer afin de stimuler la fertilit\u00e9, mais \u00e9galement pour stimuler la production de lait. Sa qualit\u00e9 d\u2019adaptog\u00e8ne lui permet de s\u2019adapter \u00e0 ce dont vous avez besoin.<\/p>\n<p>Plus d\u2019info ici. La Lavande est la plante m\u00e9dicinale du calme et de l\u2019apaisement. Cette derni\u00e8re apporte une note sauvage et fleurie au blend et nous permet de nous apaiser en un instant. *ceci ne remplace pas l\u2019avis d\u2019un professionnel de la sant\u00e9 et nous encourageons toujours \u00e0 l\u2019accompagnement m\u00e9dical si n\u00e9cessaire.<\/p>\n<p>\u273a Posologie 1 c\u00e0c ou plus en fonction des ressentis \u00e0 ajouter \u00e0 un lait v\u00e9g\u00e9tal ou \u00e0 de l\u2019eau chaude avec \u00e9ventuellement un sucrant sain (sirop d\u2019agave, miel etc.). Vous pouvez \u00e9galement l\u2019ajouter \u00e0 un smoothie, ou saupoudr\u00e9 sur votre alimentation (post cuisson) sucr\u00e9e. L\u2019exp\u00e9rience est la meilleure conseill\u00e8re. Ce blend est recommand\u00e9 d\u00e8s que les besoins s\u2019en font sentir et en consommer r\u00e9guli\u00e8rement ne cr\u00e9e pas d\u2019accoutumance.<\/p>\n<p>\u273a Effets secondaires ou interactions Consid\u00e9r\u00e9e comme un adaptog\u00e8ne, le shatavari n&#8217;a pas d&#8217;effets secondaires connus lorsque la dose recommand\u00e9e est prise. Le Cacao et la Lavande ne sont pas reconnus comme ayant des effets secondaires mais en cas de prise de m\u00e9dication lourde, demander conseil \u00e0 son expert de la sant\u00e9 est toujours recommand\u00e9.<\/p>\n<p>\u273a Ingr\u00e9dients + Sources Poudre de Cacao cru (Theobroma cacao) &#8211; Equateur Poudre de racine Shatavari (Asparagus racemosus) &#8211; Inde Poudre de sommit\u00e9s fleuries Lavande (Lavandula angustifolia) &#8211; Allemagne 55gr<\/p>\n","protected":false},"excerpt":{"rendered":"<p>La Femme<\/p>\n","protected":false},"featured_media":36979,"comment_status":"open","ping_status":"closed","template":"","meta":[],"product_brand":[],"product_cat":[323,329,145],"product_tag":[549,550,522,171],"berocket_brand":[548],"class_list":{"0":"post-37004","1":"product","2":"type-product","3":"status-publish","4":"has-post-thumbnail","6":"product_cat-bien-etre","7":"product_cat-complements-alimentaires","8":"product_cat-gwomen","9":"product_tag-adaptagenes","10":"product_tag-aho-botanicals","11":"product_tag-complements-alimentaire","12":"product_tag-femmes","13":"berocket_brand-aho-botanicals","15":"first","16":"instock","17":"shipping-taxable","18":"purchasable","19":"product-type-simple"},"_links":{"self":[{"href":"https:\/\/gleameup.com\/en\/wp-json\/wp\/v2\/product\/37004","targetHints":{"allow":["GET"]}}],"collection":[{"href":"https:\/\/gleameup.com\/en\/wp-json\/wp\/v2\/product"}],"about":[{"href":"https:\/\/gleameup.com\/en\/wp-json\/wp\/v2\/types\/product"}],"replies":[{"embeddable":true,"href":"https:\/\/gleameup.com\/en\/wp-json\/wp\/v2\/comments?post=37004"}],"version-history":[{"count":1,"href":"https:\/\/gleameup.com\/en\/wp-json\/wp\/v2\/product\/37004\/revisions"}],"predecessor-version":[{"id":37005,"href":"https:\/\/gleameup.com\/en\/wp-json\/wp\/v2\/product\/37004\/revisions\/37005"}],"wp:featuredmedia":[{"embeddable":true,"href":"https:\/\/gleameup.com\/en\/wp-json\/wp\/v2\/media\/36979"}],"wp:attachment":[{"href":"https:\/\/gleameup.com\/en\/wp-json\/wp\/v2\/media?parent=37004"}],"wp:term":[{"taxonomy":"product_brand","embeddable":true,"href":"https:\/\/gleameup.com\/en\/wp-json\/wp\/v2\/product_brand?post=37004"},{"taxonomy":"product_cat","embeddable":true,"href":"https:\/\/gleameup.com\/en\/wp-json\/wp\/v2\/product_cat?post=37004"},{"taxonomy":"product_tag","embeddable":true,"href":"https:\/\/gleameup.com\/en\/wp-json\/wp\/v2\/product_tag?post=37004"},{"taxonomy":"berocket_brand","embeddable":true,"href":"https:\/\/gleameup.com\/en\/wp-json\/wp\/v2\/berocket_brand?post=37004"}],"curies":[{"name":"wp","href":"https:\/\/api.w.org\/{rel}","templated":true}]}}